{"id":21,"date":"2025-08-23T16:01:56","date_gmt":"2025-08-23T16:01:56","guid":{"rendered":"https:\/\/amic.com.ar\/?page_id=21"},"modified":"2026-01-20T18:04:07","modified_gmt":"2026-01-20T18:04:07","slug":"home","status":"publish","type":"page","link":"https:\/\/amic.com.ar\/en\/","title":{"rendered":"Home"},"content":{"rendered":"<div data-elementor-type=\"wp-page\" data-elementor-id=\"21\" class=\"elementor elementor-21\" data-elementor-post-type=\"page\">\n\t\t\t\t<section class=\"elementor-element elementor-element-360cf0d e-flex e-con-boxed e-con e-parent\" data-id=\"360cf0d\" data-element_type=\"container\" data-settings=\"{&quot;background_background&quot;:&quot;classic&quot;}\">\n\t\t\t\t\t<div class=\"e-con-inner\">\n\t\t<div class=\"elementor-element elementor-element-3400139 e-con-full e-flex e-con e-child\" data-id=\"3400139\" data-element_type=\"container\">\n\t\t<div class=\"elementor-element elementor-element-60769d3 e-con-full e-flex e-con e-child\" data-id=\"60769d3\" data-element_type=\"container\">\n\t\t\t\t<div class=\"elementor-element elementor-element-a01cde3 elementor-widget elementor-widget-heading\" data-id=\"a01cde3\" data-element_type=\"widget\" data-widget_type=\"heading.default\">\n\t\t\t\t\t<h1 class=\"elementor-heading-title elementor-size-default\"><span style=\"color: #3783eb\">Over 75 Years Driving Argentina\u2019s Industry<\/span> with Technology, Precision, and a Vision for the Future<\/h1>\t\t\t\t<\/div>\n\t\t\t\t<div class=\"elementor-element elementor-element-94abe40 elementor-widget__width-initial elementor-widget elementor-widget-text-editor\" data-id=\"94abe40\" data-element_type=\"widget\" data-widget_type=\"text-editor.default\">\n\t\t\t\t\t\t\t\t\t<p>At AMIC, we designed a new plant to shape the future of the automotive industry <span class=\"font-light\">delivering technology, efficiency, and environmental responsibility in every component we manufacture.<\/span>.<\/p>\t\t\t\t\t\t\t\t<\/div>\n\t\t\t\t<\/div>\n\t\t<div class=\"elementor-element elementor-element-d561319 e-con-full e-flex e-con e-child\" data-id=\"d561319\" data-element_type=\"container\">\n\t\t\t\t<div class=\"elementor-element elementor-element-5965f09 elementor-widget elementor-widget-video\" data-id=\"5965f09\" data-element_type=\"widget\" data-settings=\"{&quot;video_type&quot;:&quot;hosted&quot;,&quot;controls&quot;:&quot;yes&quot;}\" data-widget_type=\"video.default\">\n\t\t\t\t\t\t\t<div class=\"e-hosted-video elementor-wrapper elementor-open-inline\">\n\t\t\t\t\t<video class=\"elementor-video\" src=\"https:\/\/amic.com.ar\/AMIC-institucional-homepage.mp4\" controls=\"\" preload=\"metadata\" controlslist=\"nodownload\" poster=\"https:\/\/amic.com.ar\/wp-content\/uploads\/2025\/09\/amic-cover-video-presentacion.webp\"><\/video>\n\t\t\t\t<\/div>\n\t\t\t\t\t\t<\/div>\n\t\t\t\t<\/div>\n\t\t\t\t<\/div>\n\t\t<div class=\"elementor-element elementor-element-3b633c1 e-con-full e-flex e-con e-child\" data-id=\"3b633c1\" data-element_type=\"container\">\n\t\t<div class=\"elementor-element elementor-element-965f430 e-con-full e-flex e-con e-child\" data-id=\"965f430\" data-element_type=\"container\">\n\t\t\t\t<div class=\"elementor-element elementor-element-f30384d animated-fast elementor-invisible elementor-widget elementor-widget-image\" data-id=\"f30384d\" data-element_type=\"widget\" data-settings=\"{&quot;_animation&quot;:&quot;zoomIn&quot;}\" data-widget_type=\"image.default\">\n\t\t\t\t\t\t\t\t\t\t\t\t\t\t\t<img fetchpriority=\"high\" decoding=\"async\" width=\"464\" height=\"382\" src=\"https:\/\/amic.com.ar\/wp-content\/uploads\/2025\/08\/amic-camioneta-toyota.webp\" class=\"attachment-full size-full wp-image-73\" alt=\"Toyota\" srcset=\"https:\/\/amic.com.ar\/wp-content\/uploads\/2025\/08\/amic-camioneta-toyota.webp 464w, https:\/\/amic.com.ar\/wp-content\/uploads\/2025\/08\/amic-camioneta-toyota-300x247.webp 300w\" sizes=\"(max-width: 464px) 100vw, 464px\" \/>\t\t\t\t\t\t\t\t\t\t\t\t\t\t\t<\/div>\n\t\t<div class=\"elementor-element elementor-element-f3f7144 e-con-full e-flex e-con e-child\" data-id=\"f3f7144\" data-element_type=\"container\">\n\t\t\t\t<div class=\"elementor-element elementor-element-2da370a elementor-widget elementor-widget-heading\" data-id=\"2da370a\" data-element_type=\"widget\" data-widget_type=\"heading.default\">\n\t\t\t\t\t<h3 class=\"elementor-heading-title elementor-size-default\">AMIC GROWS INTO THE FUTURE WITH A CLEAR VISION:<\/h3>\t\t\t\t<\/div>\n\t\t\t\t<div class=\"elementor-element elementor-element-a6d7cf0 elementor-widget elementor-widget-text-editor\" data-id=\"a6d7cf0\" data-element_type=\"widget\" data-widget_type=\"text-editor.default\">\n\t\t\t\t\t\t\t\t\t<p style=\"text-align: left;\">to lead the auto parts industry while expanding into strategic sectors such as mining, oil, and gas. We are committed to Argentina\u2019s industrial development with a long-term perspective, reducing CO\u2082 emissions through innovative green technologies, and upholding our family values and dedication to excellence.<\/p>\t\t\t\t\t\t\t\t<\/div>\n\t\t\t\t<\/div>\n\t\t\t\t<\/div>\n\t\t<div class=\"elementor-element elementor-element-5f6479b e-con-full e-flex e-con e-child\" data-id=\"5f6479b\" data-element_type=\"container\">\n\t\t<div class=\"elementor-element elementor-element-91c515d e-grid e-con-full e-con e-child\" data-id=\"91c515d\" data-element_type=\"container\">\n\t\t<div class=\"elementor-element elementor-element-4969fdc e-con-full e-flex e-con e-child\" data-id=\"4969fdc\" data-element_type=\"container\" data-settings=\"{&quot;background_background&quot;:&quot;classic&quot;}\">\n\t\t\t\t<div class=\"elementor-element elementor-element-2497f8b elementor-widget__width-initial elementor-widget elementor-widget-counter\" data-id=\"2497f8b\" data-element_type=\"widget\" data-widget_type=\"counter.default\">\n\t\t\t\t\t\t\t<div class=\"elementor-counter\">\n\t\t\t<div class=\"elementor-counter-title\">years<\/div>\t\t\t<div class=\"elementor-counter-number-wrapper\">\n\t\t\t\t<span class=\"elementor-counter-number-prefix\"><\/span>\n\t\t\t\t<span class=\"elementor-counter-number\" data-duration=\"2000\" data-to-value=\"75\" data-from-value=\"0\">0<\/span>\n\t\t\t\t<span class=\"elementor-counter-number-suffix\"><\/span>\n\t\t\t<\/div>\n\t\t<\/div>\n\t\t\t\t\t\t<\/div>\n\t\t\t\t<div class=\"elementor-element elementor-element-9abd0fe elementor-widget elementor-widget-text-editor\" data-id=\"9abd0fe\" data-element_type=\"widget\" data-widget_type=\"text-editor.default\">\n\t\t\t\t\t\t\t\t\t<p>of<br \/>Excellence<\/p>\t\t\t\t\t\t\t\t<\/div>\n\t\t\t\t<\/div>\n\t\t<div class=\"elementor-element elementor-element-8db3b06 e-con-full e-flex e-con e-child\" data-id=\"8db3b06\" data-element_type=\"container\" data-settings=\"{&quot;background_background&quot;:&quot;classic&quot;}\">\n\t\t\t\t<div class=\"elementor-element elementor-element-86826d2 elementor-widget__width-initial elementor-widget elementor-widget-counter\" data-id=\"86826d2\" data-element_type=\"widget\" data-widget_type=\"counter.default\">\n\t\t\t\t\t\t\t<div class=\"elementor-counter\">\n\t\t\t\t\t\t<div class=\"elementor-counter-number-wrapper\">\n\t\t\t\t<span class=\"elementor-counter-number-prefix\"><\/span>\n\t\t\t\t<span class=\"elementor-counter-number\" data-duration=\"2000\" data-to-value=\"30\" data-from-value=\"0\">0<\/span>\n\t\t\t\t<span class=\"elementor-counter-number-suffix\">%<\/span>\n\t\t\t<\/div>\n\t\t<\/div>\n\t\t\t\t\t\t<\/div>\n\t\t\t\t<div class=\"elementor-element elementor-element-8822ab0 elementor-widget__width-initial elementor-widget elementor-widget-text-editor\" data-id=\"8822ab0\" data-element_type=\"widget\" data-widget_type=\"text-editor.default\">\n\t\t\t\t\t\t\t\t\t<p>Production Capacity<\/p>\t\t\t\t\t\t\t\t<\/div>\n\t\t\t\t<\/div>\n\t\t<div class=\"elementor-element elementor-element-5215c09 e-con-full e-flex e-con e-child\" data-id=\"5215c09\" data-element_type=\"container\" data-settings=\"{&quot;background_background&quot;:&quot;classic&quot;}\">\n\t\t\t\t<div class=\"elementor-element elementor-element-652bce8 elementor-widget elementor-widget-heading\" data-id=\"652bce8\" data-element_type=\"widget\" data-widget_type=\"heading.default\">\n\t\t\t\t\t<h4 class=\"elementor-heading-title elementor-size-default\">Industry<br \/><br \/>4.0 Integration <\/h4>\t\t\t\t<\/div>\n\t\t\t\t<\/div>\n\t\t<div class=\"elementor-element elementor-element-856eeb1 e-con-full e-flex e-con e-child\" data-id=\"856eeb1\" data-element_type=\"container\" data-settings=\"{&quot;background_background&quot;:&quot;classic&quot;}\">\n\t\t\t\t<div class=\"elementor-element elementor-element-d64a805 elementor-widget elementor-widget-heading\" data-id=\"d64a805\" data-element_type=\"widget\" data-widget_type=\"heading.default\">\n\t\t\t\t\t<h4 class=\"elementor-heading-title elementor-size-default\">Certified<br \/><br \/> ISO 14001<br \/>IATF 16949<\/h4>\t\t\t\t<\/div>\n\t\t\t\t<\/div>\n\t\t\t\t<\/div>\n\t\t<div class=\"elementor-element elementor-element-dda53d6 e-con-full e-flex e-con e-child\" data-id=\"dda53d6\" data-element_type=\"container\" data-settings=\"{&quot;background_background&quot;:&quot;classic&quot;}\">\n\t\t\t\t<div class=\"elementor-element elementor-element-e6e15fd elementor-hidden-mobile elementor-widget elementor-widget-image\" data-id=\"e6e15fd\" data-element_type=\"widget\" data-widget_type=\"image.default\">\n\t\t\t\t\t\t\t\t\t\t\t\t\t\t\t<img decoding=\"async\" width=\"59\" height=\"34\" src=\"https:\/\/amic.com.ar\/wp-content\/uploads\/2025\/08\/amic-recurso-frace.webp\" class=\"attachment-large size-large wp-image-107\" alt=\"\" \/>\t\t\t\t\t\t\t\t\t\t\t\t\t\t\t<\/div>\n\t\t\t\t<div class=\"elementor-element elementor-element-11d3dd0 elementor-hidden-desktop elementor-hidden-tablet elementor-widget elementor-widget-image\" data-id=\"11d3dd0\" data-element_type=\"widget\" data-widget_type=\"image.default\">\n\t\t\t\t\t\t\t\t\t\t\t\t\t\t\t<img decoding=\"async\" width=\"38\" height=\"22\" src=\"https:\/\/amic.com.ar\/wp-content\/uploads\/2025\/09\/amic-recurso-mobile-sostenibilidad.webp\" class=\"attachment-large size-large wp-image-186\" alt=\"\" \/>\t\t\t\t\t\t\t\t\t\t\t\t\t\t\t<\/div>\n\t\t\t\t<div class=\"elementor-element elementor-element-328e5f1 elementor-widget-mobile__width-initial elementor-widget elementor-widget-heading\" data-id=\"328e5f1\" data-element_type=\"widget\" data-widget_type=\"heading.default\">\n\t\t\t\t\t<h4 class=\"elementor-heading-title elementor-size-default\">Committed to Sustainability <span class=\"font-medium\">(EcoVadis 2025)<\/span><\/h4>\t\t\t\t<\/div>\n\t\t\t\t<div class=\"elementor-element elementor-element-d31f0a1 elementor-hidden-desktop elementor-hidden-tablet elementor-widget elementor-widget-image\" data-id=\"d31f0a1\" data-element_type=\"widget\" data-widget_type=\"image.default\">\n\t\t\t\t\t\t\t\t\t\t\t\t\t\t\t<img decoding=\"async\" width=\"38\" height=\"22\" src=\"https:\/\/amic.com.ar\/wp-content\/uploads\/2025\/09\/amic-recurso-mobile-sostenibilidad.webp\" class=\"attachment-large size-large wp-image-186\" alt=\"\" \/>\t\t\t\t\t\t\t\t\t\t\t\t\t\t\t<\/div>\n\t\t\t\t<div class=\"elementor-element elementor-element-8f28c10 elementor-hidden-mobile elementor-widget elementor-widget-image\" data-id=\"8f28c10\" data-element_type=\"widget\" data-widget_type=\"image.default\">\n\t\t\t\t\t\t\t\t\t\t\t\t\t\t\t<img decoding=\"async\" width=\"59\" height=\"34\" src=\"https:\/\/amic.com.ar\/wp-content\/uploads\/2025\/08\/amic-recurso-frace.webp\" class=\"attachment-large size-large wp-image-107\" alt=\"\" \/>\t\t\t\t\t\t\t\t\t\t\t\t\t\t\t<\/div>\n\t\t\t\t<\/div>\n\t\t\t\t<\/div>\n\t\t\t\t<\/div>\n\t\t\t\t\t<\/div>\n\t\t\t\t<\/section>\n\t\t\t\t<\/div>","protected":false},"excerpt":{"rendered":"<p>M\u00e1s de 75 a\u00f1os impulsando la industria Argentina con tecnolog\u00eda, precisi\u00f3n y visi\u00f3n de futuro. En AMIC dise\u00f1amos una nueva [&hellip;]<\/p>","protected":false},"author":2,"featured_media":1160,"parent":0,"menu_order":0,"comment_status":"closed","ping_status":"closed","template":"","meta":{"inline_featured_image":false,"site-sidebar-layout":"no-sidebar","site-content-layout":"","ast-site-content-layout":"full-width-container","site-content-style":"default","site-sidebar-style":"default","ast-global-header-display":"","ast-banner-title-visibility":"","ast-main-header-display":"","ast-hfb-above-header-display":"","ast-hfb-below-header-display":"","ast-hfb-mobile-header-display":"","site-post-title":"disabled","ast-breadcrumbs-content":"","ast-featured-img":"disabled","footer-sml-layout":"","theme-transparent-header-meta":"","adv-header-id-meta":"","stick-header-meta":"","header-above-stick-meta":"","header-main-stick-meta":"","header-below-stick-meta":"","astra-migrate-meta-layouts":"default","ast-page-background-enabled":"default","ast-page-background-meta":{"desktop":{"background-color":"var(--ast-global-color-5)","background-image":"","background-repeat":"repeat","background-position":"center center","background-size":"auto","background-attachment":"scroll","background-type":"","background-media":"","overlay-type":"","overlay-color":"","overlay-opacity":"","overlay-gradient":""},"tablet":{"background-color":"","background-image":"","background-repeat":"repeat","background-position":"center center","background-size":"auto","background-attachment":"scroll","background-type":"","background-media":"","overlay-type":"","overlay-color":"","overlay-opacity":"","overlay-gradient":""},"mobile":{"background-color":"","background-image":"","background-repeat":"repeat","background-position":"center center","background-size":"auto","background-attachment":"scroll","background-type":"","background-media":"","overlay-type":"","overlay-color":"","overlay-opacity":"","overlay-gradient":""}},"ast-content-background-meta":{"desktop":{"background-color":"var(--ast-global-color-4)","background-image":"","background-repeat":"repeat","background-position":"center center","background-size":"auto","background-attachment":"scroll","background-type":"","background-media":"","overlay-type":"","overlay-color":"","overlay-opacity":"","overlay-gradient":""},"tablet":{"background-color":"var(--ast-global-color-4)","background-image":"","background-repeat":"repeat","background-position":"center center","background-size":"auto","background-attachment":"scroll","background-type":"","background-media":"","overlay-type":"","overlay-color":"","overlay-opacity":"","overlay-gradient":""},"mobile":{"background-color":"var(--ast-global-color-4)","background-image":"","background-repeat":"repeat","background-position":"center center","background-size":"auto","background-attachment":"scroll","background-type":"","background-media":"","overlay-type":"","overlay-color":"","overlay-opacity":"","overlay-gradient":""}},"footnotes":""},"class_list":["post-21","page","type-page","status-publish","has-post-thumbnail","hentry"],"yoast_head":"<!-- This site is optimized with the Yoast SEO plugin v26.8 - https:\/\/yoast.com\/product\/yoast-seo-wordpress\/ -->\n<title>AMIC | Impulsando la Industria Automotriz Argentina<\/title>\n<meta name=\"description\" content=\"M\u00e1s de 75 a\u00f1os impulsando la industria automotriz Argentina con tecnolog\u00eda, precisi\u00f3n y sostenibilidad. Certificaciones ISO 14001 e IATF 16949.\" \/>\n<meta name=\"robots\" content=\"index, follow, max-snippet:-1, max-image-preview:large, max-video-preview:-1\" \/>\n<link rel=\"canonical\" href=\"https:\/\/amic.com.ar\/en\/\" \/>\n<meta property=\"og:locale\" content=\"en_US\" \/>\n<meta property=\"og:type\" content=\"article\" \/>\n<meta property=\"og:title\" content=\"AMIC | Impulsando la Industria Automotriz Argentina\" \/>\n<meta property=\"og:description\" content=\"M\u00e1s de 75 a\u00f1os impulsando la industria automotriz Argentina con tecnolog\u00eda, precisi\u00f3n y sostenibilidad. Certificaciones ISO 14001 e IATF 16949.\" \/>\n<meta property=\"og:url\" content=\"https:\/\/amic.com.ar\/en\/\" \/>\n<meta property=\"og:site_name\" content=\"AMIC\" \/>\n<meta property=\"article:modified_time\" content=\"2026-01-20T18:04:07+00:00\" \/>\n<meta property=\"og:image\" content=\"https:\/\/amic.com.ar\/wp-content\/uploads\/2025\/11\/amic-fachada-preview-SEO.jpg\" \/>\n\t<meta property=\"og:image:width\" content=\"1200\" \/>\n\t<meta property=\"og:image:height\" content=\"675\" \/>\n\t<meta property=\"og:image:type\" content=\"image\/jpeg\" \/>\n<meta name=\"twitter:card\" content=\"summary_large_image\" \/>\n<meta name=\"twitter:title\" content=\"AMIC | Impulsando la Industria Automotriz Argentina\" \/>\n<meta name=\"twitter:description\" content=\"M\u00e1s de 75 a\u00f1os impulsando la industria automotriz Argentina con tecnolog\u00eda, precisi\u00f3n y sostenibilidad. Certificaciones ISO 14001 e IATF 16949.\" \/>\n<meta name=\"twitter:label1\" content=\"Est. reading time\" \/>\n\t<meta name=\"twitter:data1\" content=\"1 minute\" \/>\n<script type=\"application\/ld+json\" class=\"yoast-schema-graph\">{\"@context\":\"https:\/\/schema.org\",\"@graph\":[{\"@type\":\"WebPage\",\"@id\":\"https:\/\/amic.com.ar\/\",\"url\":\"https:\/\/amic.com.ar\/\",\"name\":\"AMIC | Impulsando la Industria Automotriz Argentina\",\"isPartOf\":{\"@id\":\"https:\/\/amic.com.ar\/#website\"},\"primaryImageOfPage\":{\"@id\":\"https:\/\/amic.com.ar\/#primaryimage\"},\"image\":{\"@id\":\"https:\/\/amic.com.ar\/#primaryimage\"},\"thumbnailUrl\":\"https:\/\/amic.com.ar\/wp-content\/uploads\/2025\/11\/amic-fachada-preview-SEO.jpg\",\"datePublished\":\"2025-08-23T16:01:56+00:00\",\"dateModified\":\"2026-01-20T18:04:07+00:00\",\"description\":\"M\u00e1s de 75 a\u00f1os impulsando la industria automotriz Argentina con tecnolog\u00eda, precisi\u00f3n y sostenibilidad. Certificaciones ISO 14001 e IATF 16949.\",\"breadcrumb\":{\"@id\":\"https:\/\/amic.com.ar\/#breadcrumb\"},\"inLanguage\":\"en-US\",\"potentialAction\":[{\"@type\":\"ReadAction\",\"target\":[\"https:\/\/amic.com.ar\/\"]}]},{\"@type\":\"ImageObject\",\"inLanguage\":\"en-US\",\"@id\":\"https:\/\/amic.com.ar\/#primaryimage\",\"url\":\"https:\/\/amic.com.ar\/wp-content\/uploads\/2025\/11\/amic-fachada-preview-SEO.jpg\",\"contentUrl\":\"https:\/\/amic.com.ar\/wp-content\/uploads\/2025\/11\/amic-fachada-preview-SEO.jpg\",\"width\":1200,\"height\":675},{\"@type\":\"BreadcrumbList\",\"@id\":\"https:\/\/amic.com.ar\/#breadcrumb\",\"itemListElement\":[{\"@type\":\"ListItem\",\"position\":1,\"name\":\"Portada\",\"item\":\"https:\/\/amic.com.ar\/\"},{\"@type\":\"ListItem\",\"position\":2,\"name\":\"Home\"}]},{\"@type\":\"WebSite\",\"@id\":\"https:\/\/amic.com.ar\/#website\",\"url\":\"https:\/\/amic.com.ar\/\",\"name\":\"AMIC\",\"description\":\"M\u00e1s de 75 a\u00f1os impulsando la industria Argentina con tecnolog\u00eda, precisi\u00f3n y visi\u00f3n  de futuro.\",\"publisher\":{\"@id\":\"https:\/\/amic.com.ar\/#organization\"},\"potentialAction\":[{\"@type\":\"SearchAction\",\"target\":{\"@type\":\"EntryPoint\",\"urlTemplate\":\"https:\/\/amic.com.ar\/?s={search_term_string}\"},\"query-input\":{\"@type\":\"PropertyValueSpecification\",\"valueRequired\":true,\"valueName\":\"search_term_string\"}}],\"inLanguage\":\"en-US\"},{\"@type\":\"Organization\",\"@id\":\"https:\/\/amic.com.ar\/#organization\",\"name\":\"AMIC\",\"url\":\"https:\/\/amic.com.ar\/\",\"logo\":{\"@type\":\"ImageObject\",\"inLanguage\":\"en-US\",\"@id\":\"https:\/\/amic.com.ar\/#\/schema\/logo\/image\/\",\"url\":\"https:\/\/amic.com.ar\/wp-content\/uploads\/2025\/08\/amic-logo-color.svg\",\"contentUrl\":\"https:\/\/amic.com.ar\/wp-content\/uploads\/2025\/08\/amic-logo-color.svg\",\"width\":139,\"height\":31,\"caption\":\"AMIC\"},\"image\":{\"@id\":\"https:\/\/amic.com.ar\/#\/schema\/logo\/image\/\"},\"sameAs\":[\"https:\/\/www.linkedin.com\/company\/amicmetal\/\"]}]}<\/script>\n<!-- \/ Yoast SEO plugin. -->","yoast_head_json":{"title":"AMIC | Impulsando la Industria Automotriz Argentina","description":"M\u00e1s de 75 a\u00f1os impulsando la industria automotriz Argentina con tecnolog\u00eda, precisi\u00f3n y sostenibilidad. Certificaciones ISO 14001 e IATF 16949.","robots":{"index":"index","follow":"follow","max-snippet":"max-snippet:-1","max-image-preview":"max-image-preview:large","max-video-preview":"max-video-preview:-1"},"canonical":"https:\/\/amic.com.ar\/en\/","og_locale":"en_US","og_type":"article","og_title":"AMIC | Impulsando la Industria Automotriz Argentina","og_description":"M\u00e1s de 75 a\u00f1os impulsando la industria automotriz Argentina con tecnolog\u00eda, precisi\u00f3n y sostenibilidad. Certificaciones ISO 14001 e IATF 16949.","og_url":"https:\/\/amic.com.ar\/en\/","og_site_name":"AMIC","article_modified_time":"2026-01-20T18:04:07+00:00","og_image":[{"width":1200,"height":675,"url":"https:\/\/amic.com.ar\/wp-content\/uploads\/2025\/11\/amic-fachada-preview-SEO.jpg","type":"image\/jpeg"}],"twitter_card":"summary_large_image","twitter_title":"AMIC | Impulsando la Industria Automotriz Argentina","twitter_description":"M\u00e1s de 75 a\u00f1os impulsando la industria automotriz Argentina con tecnolog\u00eda, precisi\u00f3n y sostenibilidad. Certificaciones ISO 14001 e IATF 16949.","twitter_misc":{"Est. reading time":"1 minute"},"schema":{"@context":"https:\/\/schema.org","@graph":[{"@type":"WebPage","@id":"https:\/\/amic.com.ar\/","url":"https:\/\/amic.com.ar\/","name":"AMIC | Impulsando la Industria Automotriz Argentina","isPartOf":{"@id":"https:\/\/amic.com.ar\/#website"},"primaryImageOfPage":{"@id":"https:\/\/amic.com.ar\/#primaryimage"},"image":{"@id":"https:\/\/amic.com.ar\/#primaryimage"},"thumbnailUrl":"https:\/\/amic.com.ar\/wp-content\/uploads\/2025\/11\/amic-fachada-preview-SEO.jpg","datePublished":"2025-08-23T16:01:56+00:00","dateModified":"2026-01-20T18:04:07+00:00","description":"M\u00e1s de 75 a\u00f1os impulsando la industria automotriz Argentina con tecnolog\u00eda, precisi\u00f3n y sostenibilidad. Certificaciones ISO 14001 e IATF 16949.","breadcrumb":{"@id":"https:\/\/amic.com.ar\/#breadcrumb"},"inLanguage":"en-US","potentialAction":[{"@type":"ReadAction","target":["https:\/\/amic.com.ar\/"]}]},{"@type":"ImageObject","inLanguage":"en-US","@id":"https:\/\/amic.com.ar\/#primaryimage","url":"https:\/\/amic.com.ar\/wp-content\/uploads\/2025\/11\/amic-fachada-preview-SEO.jpg","contentUrl":"https:\/\/amic.com.ar\/wp-content\/uploads\/2025\/11\/amic-fachada-preview-SEO.jpg","width":1200,"height":675},{"@type":"BreadcrumbList","@id":"https:\/\/amic.com.ar\/#breadcrumb","itemListElement":[{"@type":"ListItem","position":1,"name":"Portada","item":"https:\/\/amic.com.ar\/"},{"@type":"ListItem","position":2,"name":"Home"}]},{"@type":"WebSite","@id":"https:\/\/amic.com.ar\/#website","url":"https:\/\/amic.com.ar\/","name":"AMIC","description":"M\u00e1s de 75 a\u00f1os impulsando la industria Argentina con tecnolog\u00eda, precisi\u00f3n y visi\u00f3n  de futuro.","publisher":{"@id":"https:\/\/amic.com.ar\/#organization"},"potentialAction":[{"@type":"SearchAction","target":{"@type":"EntryPoint","urlTemplate":"https:\/\/amic.com.ar\/?s={search_term_string}"},"query-input":{"@type":"PropertyValueSpecification","valueRequired":true,"valueName":"search_term_string"}}],"inLanguage":"en-US"},{"@type":"Organization","@id":"https:\/\/amic.com.ar\/#organization","name":"AMIC","url":"https:\/\/amic.com.ar\/","logo":{"@type":"ImageObject","inLanguage":"en-US","@id":"https:\/\/amic.com.ar\/#\/schema\/logo\/image\/","url":"https:\/\/amic.com.ar\/wp-content\/uploads\/2025\/08\/amic-logo-color.svg","contentUrl":"https:\/\/amic.com.ar\/wp-content\/uploads\/2025\/08\/amic-logo-color.svg","width":139,"height":31,"caption":"AMIC"},"image":{"@id":"https:\/\/amic.com.ar\/#\/schema\/logo\/image\/"},"sameAs":["https:\/\/www.linkedin.com\/company\/amicmetal\/"]}]}},"_links":{"self":[{"href":"https:\/\/amic.com.ar\/en\/wp-json\/wp\/v2\/pages\/21","targetHints":{"allow":["GET"]}}],"collection":[{"href":"https:\/\/amic.com.ar\/en\/wp-json\/wp\/v2\/pages"}],"about":[{"href":"https:\/\/amic.com.ar\/en\/wp-json\/wp\/v2\/types\/page"}],"author":[{"embeddable":true,"href":"https:\/\/amic.com.ar\/en\/wp-json\/wp\/v2\/users\/2"}],"replies":[{"embeddable":true,"href":"https:\/\/amic.com.ar\/en\/wp-json\/wp\/v2\/comments?post=21"}],"version-history":[{"count":21,"href":"https:\/\/amic.com.ar\/en\/wp-json\/wp\/v2\/pages\/21\/revisions"}],"predecessor-version":[{"id":1175,"href":"https:\/\/amic.com.ar\/en\/wp-json\/wp\/v2\/pages\/21\/revisions\/1175"}],"wp:featuredmedia":[{"embeddable":true,"href":"https:\/\/amic.com.ar\/en\/wp-json\/wp\/v2\/media\/1160"}],"wp:attachment":[{"href":"https:\/\/amic.com.ar\/en\/wp-json\/wp\/v2\/media?parent=21"}],"curies":[{"name":"wp","href":"https:\/\/api.w.org\/{rel}","templated":true}]}}