{"id":131,"date":"2025-08-29T12:03:38","date_gmt":"2025-08-29T12:03:38","guid":{"rendered":"https:\/\/amic.com.ar\/?page_id=131"},"modified":"2025-11-14T17:41:00","modified_gmt":"2025-11-14T17:41:00","slug":"quienes-somos","status":"publish","type":"page","link":"https:\/\/amic.com.ar\/en\/quienes-somos\/","title":{"rendered":"ABOUT US"},"content":{"rendered":"<div data-elementor-type=\"wp-page\" data-elementor-id=\"131\" class=\"elementor elementor-131\" data-elementor-post-type=\"page\">\n\t\t\t\t<div class=\"elementor-element elementor-element-96cdfeb e-flex e-con-boxed e-con e-parent\" data-id=\"96cdfeb\" data-element_type=\"container\">\n\t\t\t\t\t<div class=\"e-con-inner\">\n\t\t<div class=\"elementor-element elementor-element-93612d0 e-con-full e-flex e-con e-child\" data-id=\"93612d0\" data-element_type=\"container\">\n\t\t\t\t<div class=\"elementor-element elementor-element-ecc1a66 elementor-widget elementor-widget-heading\" data-id=\"ecc1a66\" data-element_type=\"widget\" data-widget_type=\"heading.default\">\n\t\t\t\t\t<h1 class=\"elementor-heading-title elementor-size-default\">About Us<\/h1>\t\t\t\t<\/div>\n\t\t\t\t<div class=\"elementor-element elementor-element-1609555 elementor-widget__width-initial elementor-invisible elementor-widget elementor-widget-text-editor\" data-id=\"1609555\" data-element_type=\"widget\" data-settings=\"{&quot;_animation&quot;:&quot;fadeIn&quot;}\" data-widget_type=\"text-editor.default\">\n\t\t\t\t\t\t\t\t\t<p>Three Generations. One Vision: Growth with Quality and Commitment<\/p>\t\t\t\t\t\t\t\t<\/div>\n\t\t\t\t<div class=\"elementor-element elementor-element-330c7c0 elementor-widget__width-initial elementor-invisible elementor-widget elementor-widget-text-editor\" data-id=\"330c7c0\" data-element_type=\"widget\" data-settings=\"{&quot;_animation&quot;:&quot;fadeIn&quot;}\" data-widget_type=\"text-editor.default\">\n\t\t\t\t\t\t\t\t\t<p>AMIC is an Argentine metallurgical company with over 75 years of history. A family-owned company, that started as a small workshop and today produce auto parts and precision components for Argentina\u2019s leading automotive manufacturers, including Toyota, Ford, Volkswagen, Stellantis y Renault.<\/p>\t\t\t\t\t\t\t\t<\/div>\n\t\t\t\t<div class=\"elementor-element elementor-element-0bf2cdd elementor-hidden-desktop elementor-hidden-tablet elementor-widget elementor-widget-image\" data-id=\"0bf2cdd\" data-element_type=\"widget\" data-widget_type=\"image.default\">\n\t\t\t\t\t\t\t\t\t\t\t\t\t\t\t<img fetchpriority=\"high\" decoding=\"async\" width=\"1024\" height=\"683\" src=\"https:\/\/amic.com.ar\/wp-content\/uploads\/2025\/11\/img-3generaciones-1024x683.webp\" class=\"attachment-large size-large wp-image-1137\" alt=\"AMIC - tercera generaci\u00f3n\" srcset=\"https:\/\/amic.com.ar\/wp-content\/uploads\/2025\/11\/img-3generaciones-1024x683.webp 1024w, https:\/\/amic.com.ar\/wp-content\/uploads\/2025\/11\/img-3generaciones-300x200.webp 300w, https:\/\/amic.com.ar\/wp-content\/uploads\/2025\/11\/img-3generaciones-768x512.webp 768w, https:\/\/amic.com.ar\/wp-content\/uploads\/2025\/11\/img-3generaciones-18x12.webp 18w, https:\/\/amic.com.ar\/wp-content\/uploads\/2025\/11\/img-3generaciones.webp 1417w\" sizes=\"(max-width: 1024px) 100vw, 1024px\" \/>\t\t\t\t\t\t\t\t\t\t\t\t\t\t\t<\/div>\n\t\t\t\t<div class=\"elementor-element elementor-element-3bc654c elementor-widget__width-initial elementor-invisible elementor-widget elementor-widget-text-editor\" data-id=\"3bc654c\" data-element_type=\"widget\" data-settings=\"{&quot;_animation&quot;:&quot;fadeIn&quot;}\" data-widget_type=\"text-editor.default\">\n\t\t\t\t\t\t\t\t\t<p class=\"translation-block\">Our new industrial plant in Spegazzini, Buenos Aires province, marks the beginning of a growth phase, strengthening our presence in the automotive industry while expanding into strategic sectors such as mining, oil, and gas. We are committed to innovation with an entrepreneurial spirit.<\/p>\t\t\t\t\t\t\t\t<\/div>\n\t\t\t\t<div class=\"elementor-element elementor-element-8e82318 elementor-widget__width-initial elementor-invisible elementor-widget elementor-widget-text-editor\" data-id=\"8e82318\" data-element_type=\"widget\" data-settings=\"{&quot;_animation&quot;:&quot;fadeIn&quot;}\" data-widget_type=\"text-editor.default\">\n\t\t\t\t\t\t\t\t\t<p>In collaboration with our employees, suppliers, and partners, our new industrial plant strengthens our ecosystem and drives growth in Argentina\u2019s industrial sector.<\/p>\t\t\t\t\t\t\t\t<\/div>\n\t\t\t\t<\/div>\n\t\t<div class=\"elementor-element elementor-element-2284d04 e-con-full e-flex e-con e-child\" data-id=\"2284d04\" data-element_type=\"container\">\n\t\t\t\t<div class=\"elementor-element elementor-element-1b5ce13 elementor-hidden-mobile elementor-invisible elementor-widget elementor-widget-image\" data-id=\"1b5ce13\" data-element_type=\"widget\" data-settings=\"{&quot;_animation&quot;:&quot;zoomIn&quot;}\" data-widget_type=\"image.default\">\n\t\t\t\t\t\t\t\t\t\t\t\t\t\t\t<img fetchpriority=\"high\" decoding=\"async\" width=\"1024\" height=\"683\" src=\"https:\/\/amic.com.ar\/wp-content\/uploads\/2025\/11\/img-3generaciones-1024x683.webp\" class=\"attachment-large size-large wp-image-1137\" alt=\"AMIC - tercera generaci\u00f3n\" srcset=\"https:\/\/amic.com.ar\/wp-content\/uploads\/2025\/11\/img-3generaciones-1024x683.webp 1024w, https:\/\/amic.com.ar\/wp-content\/uploads\/2025\/11\/img-3generaciones-300x200.webp 300w, https:\/\/amic.com.ar\/wp-content\/uploads\/2025\/11\/img-3generaciones-768x512.webp 768w, https:\/\/amic.com.ar\/wp-content\/uploads\/2025\/11\/img-3generaciones-18x12.webp 18w, https:\/\/amic.com.ar\/wp-content\/uploads\/2025\/11\/img-3generaciones.webp 1417w\" sizes=\"(max-width: 1024px) 100vw, 1024px\" \/>\t\t\t\t\t\t\t\t\t\t\t\t\t\t\t<\/div>\n\t\t\t\t<div class=\"elementor-element elementor-element-07a7dad elementor-invisible elementor-widget elementor-widget-image\" data-id=\"07a7dad\" data-element_type=\"widget\" data-settings=\"{&quot;_animation&quot;:&quot;fadeInRight&quot;}\" data-widget_type=\"image.default\">\n\t\t\t\t\t\t\t\t\t\t\t\t\t\t\t<img decoding=\"async\" width=\"457\" height=\"328\" src=\"https:\/\/amic.com.ar\/wp-content\/uploads\/2025\/10\/amic-quienes-somos-img-2-02.png\" class=\"attachment-large size-large wp-image-642\" alt=\"\" srcset=\"https:\/\/amic.com.ar\/wp-content\/uploads\/2025\/10\/amic-quienes-somos-img-2-02.png 457w, https:\/\/amic.com.ar\/wp-content\/uploads\/2025\/10\/amic-quienes-somos-img-2-02-300x215.png 300w\" sizes=\"(max-width: 457px) 100vw, 457px\" \/>\t\t\t\t\t\t\t\t\t\t\t\t\t\t\t<\/div>\n\t\t\t\t<\/div>\n\t\t\t\t\t<\/div>\n\t\t\t\t<\/div>\n\t\t<div class=\"elementor-element elementor-element-10deaa9 e-flex e-con-boxed e-con e-parent\" data-id=\"10deaa9\" data-element_type=\"container\">\n\t\t\t\t\t<div class=\"e-con-inner\">\n\t\t\t\t<div class=\"elementor-element elementor-element-59ac65d elementor-widget elementor-widget-heading\" data-id=\"59ac65d\" data-element_type=\"widget\" data-widget_type=\"heading.default\">\n\t\t\t\t\t<h2 class=\"elementor-heading-title elementor-size-default\">OUR HISTORY<\/h2>\t\t\t\t<\/div>\n\t\t\t\t\t<\/div>\n\t\t\t\t<\/div>\n\t\t<div class=\"elementor-element elementor-element-3fe171b e-con-full e-flex e-con e-parent\" data-id=\"3fe171b\" data-element_type=\"container\">\n\t\t\t\t<div class=\"elementor-element elementor-element-11cab19 elementor-widget elementor-widget-html\" data-id=\"11cab19\" data-element_type=\"widget\" data-widget_type=\"html.default\">\n\t\t\t\t\t<div class=\"timeline-container\">\n      <div class=\"timeline-wrapper\">\n        <!--\n        <button class=\"timeline-nav prev\" id=\"prevBtn\">\n          <img decoding=\"async\"\n            src=\"https:\/\/amic.com.ar\/wp-content\/uploads\/2025\/10\/left-arrow.webp\"\n            alt=\"Prev\"\n            srcset=\"\"\n          \/>\n        <\/button>\n        <button class=\"timeline-nav next\" id=\"nextBtn\">\n          <img decoding=\"async\"\n            src=\"https:\/\/amic.com.ar\/wp-content\/uploads\/2025\/10\/left-arrow.webp\"\n            alt=\"Prev\"\n            srcset=\"\"\n          \/>\n        <\/button>\n        -->\n\n        <div class=\"timeline-track-container\">\n          <div class=\"timeline-line\"><\/div>\n          <div class=\"timeline-track\" id=\"timelineTrack\">\n            <!-- Los items se generar\u00e1n din\u00e1micamente -->\n          <\/div>\n        <\/div>\n      <\/div>\n    <\/div>\t\t\t\t<\/div>\n\t\t\t\t<\/div>\n\t\t<div class=\"elementor-element elementor-element-3442bb4 e-flex e-con-boxed e-con e-parent\" data-id=\"3442bb4\" data-element_type=\"container\" data-settings=\"{&quot;background_background&quot;:&quot;classic&quot;}\">\n\t\t\t\t\t<div class=\"e-con-inner\">\n\t\t<div class=\"elementor-element elementor-element-9c2e2b5 e-con-full e-flex e-con e-child\" data-id=\"9c2e2b5\" data-element_type=\"container\">\n\t\t\t\t<div class=\"elementor-element elementor-element-04b8e33 elementor-hidden-desktop elementor-hidden-tablet elementor-widget-divider--view-line elementor-widget elementor-widget-divider\" data-id=\"04b8e33\" data-element_type=\"widget\" data-widget_type=\"divider.default\">\n\t\t\t\t\t\t\t<div class=\"elementor-divider\">\n\t\t\t<span class=\"elementor-divider-separator\">\n\t\t\t\t\t\t<\/span>\n\t\t<\/div>\n\t\t\t\t\t\t<\/div>\n\t\t\t\t<div class=\"elementor-element elementor-element-d1eda70 elementor-widget__width-initial elementor-invisible elementor-widget elementor-widget-text-editor\" data-id=\"d1eda70\" data-element_type=\"widget\" data-settings=\"{&quot;_animation&quot;:&quot;fadeIn&quot;}\" data-widget_type=\"text-editor.default\">\n\t\t\t\t\t\t\t\t\t<p>Three Generations, One Shared Vision: Growth through Quality, Commitment, and Innovation, Serving Argentina\u2019s Industry<\/p>\t\t\t\t\t\t\t\t<\/div>\n\t\t\t\t<div class=\"elementor-element elementor-element-e86a74e elementor-widget-divider--view-line elementor-widget elementor-widget-divider\" data-id=\"e86a74e\" data-element_type=\"widget\" data-widget_type=\"divider.default\">\n\t\t\t\t\t\t\t<div class=\"elementor-divider\">\n\t\t\t<span class=\"elementor-divider-separator\">\n\t\t\t\t\t\t<\/span>\n\t\t<\/div>\n\t\t\t\t\t\t<\/div>\n\t\t\t\t<\/div>\n\t\t<div class=\"elementor-element elementor-element-ef9af99 e-con-full e-flex elementor-invisible e-con e-child\" data-id=\"ef9af99\" data-element_type=\"container\" data-settings=\"{&quot;background_background&quot;:&quot;classic&quot;,&quot;animation&quot;:&quot;fadeInUp&quot;}\">\n\t\t\t\t<div class=\"elementor-element elementor-element-4838dc4 elementor-widget elementor-widget-heading\" data-id=\"4838dc4\" data-element_type=\"widget\" data-widget_type=\"heading.default\">\n\t\t\t\t\t<h3 class=\"elementor-heading-title elementor-size-default\">Mission<\/h3>\t\t\t\t<\/div>\n\t\t\t\t<div class=\"elementor-element elementor-element-c3012df elementor-widget-mobile__width-initial elementor-widget elementor-widget-text-editor\" data-id=\"c3012df\" data-element_type=\"widget\" data-widget_type=\"text-editor.default\">\n\t\t\t\t\t\t\t\t\t<p>To deliver innovative industrial solutions with exceptional quality and sustainability, supporting the growth of Argentina\u2019s industry.<\/p>\t\t\t\t\t\t\t\t<\/div>\n\t\t\t\t<\/div>\n\t\t<div class=\"elementor-element elementor-element-79a39c3 e-con-full e-flex elementor-invisible e-con e-child\" data-id=\"79a39c3\" data-element_type=\"container\" data-settings=\"{&quot;background_background&quot;:&quot;classic&quot;,&quot;animation&quot;:&quot;fadeInUp&quot;}\">\n\t\t\t\t<div class=\"elementor-element elementor-element-8c2e8f9 elementor-widget elementor-widget-heading\" data-id=\"8c2e8f9\" data-element_type=\"widget\" data-widget_type=\"heading.default\">\n\t\t\t\t\t<h3 class=\"elementor-heading-title elementor-size-default\">Vision<\/h3>\t\t\t\t<\/div>\n\t\t\t\t<div class=\"elementor-element elementor-element-89c90cf elementor-widget-mobile__width-initial elementor-widget elementor-widget-text-editor\" data-id=\"89c90cf\" data-element_type=\"widget\" data-widget_type=\"text-editor.default\">\n\t\t\t\t\t\t\t\t\t<p>To be leaders in precision metallurgy, advancing into strategic sectors with cutting-edge technology and commitment to sustainability.<\/p>\t\t\t\t\t\t\t\t<\/div>\n\t\t\t\t<\/div>\n\t\t<div class=\"elementor-element elementor-element-5d959b7 e-con-full e-flex e-con e-child\" data-id=\"5d959b7\" data-element_type=\"container\">\n\t\t\t\t<div class=\"elementor-element elementor-element-73821ea elementor-invisible elementor-widget elementor-widget-heading\" data-id=\"73821ea\" data-element_type=\"widget\" data-settings=\"{&quot;_animation&quot;:&quot;fadeIn&quot;}\" data-widget_type=\"heading.default\">\n\t\t\t\t\t<h3 class=\"elementor-heading-title elementor-size-default\">Core Values<\/h3>\t\t\t\t<\/div>\n\t\t\t\t<div class=\"elementor-element elementor-element-844824f elementor-hidden-mobile elementor-invisible elementor-widget elementor-widget-text-editor\" data-id=\"844824f\" data-element_type=\"widget\" data-settings=\"{&quot;_animation&quot;:&quot;fadeIn&quot;}\" data-widget_type=\"text-editor.default\">\n\t\t\t\t\t\t\t\t\t<p><strong>Quality in Our Work \u2013<\/strong> Every component reflects our commitment.<\/p><p><strong>Teamwork \u2013<\/strong> Collaboration is our strength.<\/p><p><strong>Continuous Development \u2013<\/strong> We grow alongside our people.<\/p><p><strong>Long-Term Vision \u2013<\/strong> We build a legacy for future generations.<\/p>\t\t\t\t\t\t\t\t<\/div>\n\t\t\t\t<div class=\"elementor-element elementor-element-7bcac96 elementor-hidden-desktop elementor-hidden-tablet elementor-invisible elementor-widget elementor-widget-text-editor\" data-id=\"7bcac96\" data-element_type=\"widget\" data-settings=\"{&quot;_animation&quot;:&quot;fadeIn&quot;}\" data-widget_type=\"text-editor.default\">\n\t\t\t\t\t\t\t\t\t<p>Long-Term Vision \u2013 We build a legacy for future generations.<\/p><p>Teamwork \u2013 Collaboration is our strength.<\/p><p>Continuous Development \u2013 We grow alongside our people.<\/p><p>Long-Term Vision \u2013 We build a legacy for future generations.<\/p>\t\t\t\t\t\t\t\t<\/div>\n\t\t\t\t<\/div>\n\t\t\t\t\t<\/div>\n\t\t\t\t<\/div>\n\t\t\t\t<\/div>","protected":false},"excerpt":{"rendered":"<p>Qui\u00e9nes somos Tres generaciones. Una misma visi\u00f3n: crecer con calidad y compromiso. Amic es una pyme metal\u00fargica argentina con m\u00e1s [&hellip;]<\/p>","protected":false},"author":2,"featured_media":0,"parent":0,"menu_order":0,"comment_status":"closed","ping_status":"closed","template":"","meta":{"inline_featured_image":false,"site-sidebar-layout":"no-sidebar","site-content-layout":"","ast-site-content-layout":"full-width-container","site-content-style":"default","site-sidebar-style":"default","ast-global-header-display":"","ast-banner-title-visibility":"","ast-main-header-display":"","ast-hfb-above-header-display":"","ast-hfb-below-header-display":"","ast-hfb-mobile-header-display":"","site-post-title":"disabled","ast-breadcrumbs-content":"","ast-featured-img":"disabled","footer-sml-layout":"","theme-transparent-header-meta":"","adv-header-id-meta":"","stick-header-meta":"","header-above-stick-meta":"","header-main-stick-meta":"","header-below-stick-meta":"","astra-migrate-meta-layouts":"default","ast-page-background-enabled":"default","ast-page-background-meta":{"desktop":{"background-color":"var(--ast-global-color-5)","background-image":"","background-repeat":"repeat","background-position":"center center","background-size":"auto","background-attachment":"scroll","background-type":"","background-media":"","overlay-type":"","overlay-color":"","overlay-opacity":"","overlay-gradient":""},"tablet":{"background-color":"","background-image":"","background-repeat":"repeat","background-position":"center center","background-size":"auto","background-attachment":"scroll","background-type":"","background-media":"","overlay-type":"","overlay-color":"","overlay-opacity":"","overlay-gradient":""},"mobile":{"background-color":"","background-image":"","background-repeat":"repeat","background-position":"center center","background-size":"auto","background-attachment":"scroll","background-type":"","background-media":"","overlay-type":"","overlay-color":"","overlay-opacity":"","overlay-gradient":""}},"ast-content-background-meta":{"desktop":{"background-color":"var(--ast-global-color-4)","background-image":"","background-repeat":"repeat","background-position":"center center","background-size":"auto","background-attachment":"scroll","background-type":"","background-media":"","overlay-type":"","overlay-color":"","overlay-opacity":"","overlay-gradient":""},"tablet":{"background-color":"var(--ast-global-color-4)","background-image":"","background-repeat":"repeat","background-position":"center center","background-size":"auto","background-attachment":"scroll","background-type":"","background-media":"","overlay-type":"","overlay-color":"","overlay-opacity":"","overlay-gradient":""},"mobile":{"background-color":"var(--ast-global-color-4)","background-image":"","background-repeat":"repeat","background-position":"center center","background-size":"auto","background-attachment":"scroll","background-type":"","background-media":"","overlay-type":"","overlay-color":"","overlay-opacity":"","overlay-gradient":""}},"footnotes":""},"class_list":["post-131","page","type-page","status-publish","hentry"],"yoast_head":"<!-- This site is optimized with the Yoast SEO plugin v26.8 - https:\/\/yoast.com\/product\/yoast-seo-wordpress\/ -->\n<title>AMIC | 75 A\u00f1os Fabricando Autopartes en Argentina<\/title>\n<meta name=\"description\" content=\"AMIC: PyME metal\u00fargica argentina con +75 a\u00f1os de historia familiar. Proveedor de Toyota, Ford, Volkswagen y Renault. Calidad, innovaci\u00f3n y compromiso.\" \/>\n<meta name=\"robots\" content=\"index, follow, max-snippet:-1, max-image-preview:large, max-video-preview:-1\" \/>\n<link rel=\"canonical\" href=\"https:\/\/amic.com.ar\/en\/quienes-somos\/\" \/>\n<meta property=\"og:locale\" content=\"en_US\" \/>\n<meta property=\"og:type\" content=\"article\" \/>\n<meta property=\"og:title\" content=\"AMIC | 75 A\u00f1os Fabricando Autopartes en Argentina\" \/>\n<meta property=\"og:description\" content=\"AMIC: PyME metal\u00fargica argentina con +75 a\u00f1os de historia familiar. Proveedor de Toyota, Ford, Volkswagen y Renault. Calidad, innovaci\u00f3n y compromiso.\" \/>\n<meta property=\"og:url\" content=\"https:\/\/amic.com.ar\/en\/quienes-somos\/\" \/>\n<meta property=\"og:site_name\" content=\"AMIC\" \/>\n<meta property=\"article:modified_time\" content=\"2025-11-14T17:41:00+00:00\" \/>\n<meta property=\"og:image\" content=\"https:\/\/amic.com.ar\/wp-content\/uploads\/2025\/11\/img-3generaciones.webp\" \/>\n\t<meta property=\"og:image:width\" content=\"1417\" \/>\n\t<meta property=\"og:image:height\" content=\"945\" \/>\n\t<meta property=\"og:image:type\" content=\"image\/webp\" \/>\n<meta name=\"twitter:card\" content=\"summary_large_image\" \/>\n<meta name=\"twitter:title\" content=\"AMIC | 75 A\u00f1os Fabricando Autopartes en Argentina\" \/>\n<meta name=\"twitter:description\" content=\"AMIC: PyME metal\u00fargica argentina con +75 a\u00f1os de historia familiar. Proveedor de Toyota, Ford, Volkswagen y Renault. Calidad, innovaci\u00f3n y compromiso.\" \/>\n<meta name=\"twitter:label1\" content=\"Est. reading time\" \/>\n\t<meta name=\"twitter:data1\" content=\"2 minutes\" \/>\n<script type=\"application\/ld+json\" class=\"yoast-schema-graph\">{\"@context\":\"https:\/\/schema.org\",\"@graph\":[{\"@type\":\"WebPage\",\"@id\":\"https:\/\/amic.com.ar\/quienes-somos\/\",\"url\":\"https:\/\/amic.com.ar\/quienes-somos\/\",\"name\":\"AMIC | 75 A\u00f1os Fabricando Autopartes en Argentina\",\"isPartOf\":{\"@id\":\"https:\/\/amic.com.ar\/#website\"},\"primaryImageOfPage\":{\"@id\":\"https:\/\/amic.com.ar\/quienes-somos\/#primaryimage\"},\"image\":{\"@id\":\"https:\/\/amic.com.ar\/quienes-somos\/#primaryimage\"},\"thumbnailUrl\":\"https:\/\/amic.com.ar\/wp-content\/uploads\/2025\/11\/img-3generaciones-1024x683.webp\",\"datePublished\":\"2025-08-29T12:03:38+00:00\",\"dateModified\":\"2025-11-14T17:41:00+00:00\",\"description\":\"AMIC: PyME metal\u00fargica argentina con +75 a\u00f1os de historia familiar. Proveedor de Toyota, Ford, Volkswagen y Renault. Calidad, innovaci\u00f3n y compromiso.\",\"breadcrumb\":{\"@id\":\"https:\/\/amic.com.ar\/quienes-somos\/#breadcrumb\"},\"inLanguage\":\"en-US\",\"potentialAction\":[{\"@type\":\"ReadAction\",\"target\":[\"https:\/\/amic.com.ar\/quienes-somos\/\"]}]},{\"@type\":\"ImageObject\",\"inLanguage\":\"en-US\",\"@id\":\"https:\/\/amic.com.ar\/quienes-somos\/#primaryimage\",\"url\":\"https:\/\/amic.com.ar\/wp-content\/uploads\/2025\/11\/img-3generaciones-1024x683.webp\",\"contentUrl\":\"https:\/\/amic.com.ar\/wp-content\/uploads\/2025\/11\/img-3generaciones-1024x683.webp\"},{\"@type\":\"BreadcrumbList\",\"@id\":\"https:\/\/amic.com.ar\/quienes-somos\/#breadcrumb\",\"itemListElement\":[{\"@type\":\"ListItem\",\"position\":1,\"name\":\"Portada\",\"item\":\"https:\/\/amic.com.ar\/\"},{\"@type\":\"ListItem\",\"position\":2,\"name\":\"Quienes somos\"}]},{\"@type\":\"WebSite\",\"@id\":\"https:\/\/amic.com.ar\/#website\",\"url\":\"https:\/\/amic.com.ar\/\",\"name\":\"AMIC\",\"description\":\"M\u00e1s de 75 a\u00f1os impulsando la industria Argentina con tecnolog\u00eda, precisi\u00f3n y visi\u00f3n  de futuro.\",\"publisher\":{\"@id\":\"https:\/\/amic.com.ar\/#organization\"},\"potentialAction\":[{\"@type\":\"SearchAction\",\"target\":{\"@type\":\"EntryPoint\",\"urlTemplate\":\"https:\/\/amic.com.ar\/?s={search_term_string}\"},\"query-input\":{\"@type\":\"PropertyValueSpecification\",\"valueRequired\":true,\"valueName\":\"search_term_string\"}}],\"inLanguage\":\"en-US\"},{\"@type\":\"Organization\",\"@id\":\"https:\/\/amic.com.ar\/#organization\",\"name\":\"AMIC\",\"url\":\"https:\/\/amic.com.ar\/\",\"logo\":{\"@type\":\"ImageObject\",\"inLanguage\":\"en-US\",\"@id\":\"https:\/\/amic.com.ar\/#\/schema\/logo\/image\/\",\"url\":\"https:\/\/amic.com.ar\/wp-content\/uploads\/2025\/08\/amic-logo-color.svg\",\"contentUrl\":\"https:\/\/amic.com.ar\/wp-content\/uploads\/2025\/08\/amic-logo-color.svg\",\"width\":139,\"height\":31,\"caption\":\"AMIC\"},\"image\":{\"@id\":\"https:\/\/amic.com.ar\/#\/schema\/logo\/image\/\"},\"sameAs\":[\"https:\/\/www.linkedin.com\/company\/amicmetal\/\"]}]}<\/script>\n<!-- \/ Yoast SEO plugin. -->","yoast_head_json":{"title":"AMIC | 75 A\u00f1os Fabricando Autopartes en Argentina","description":"AMIC: PyME metal\u00fargica argentina con +75 a\u00f1os de historia familiar. Proveedor de Toyota, Ford, Volkswagen y Renault. Calidad, innovaci\u00f3n y compromiso.","robots":{"index":"index","follow":"follow","max-snippet":"max-snippet:-1","max-image-preview":"max-image-preview:large","max-video-preview":"max-video-preview:-1"},"canonical":"https:\/\/amic.com.ar\/en\/quienes-somos\/","og_locale":"en_US","og_type":"article","og_title":"AMIC | 75 A\u00f1os Fabricando Autopartes en Argentina","og_description":"AMIC: PyME metal\u00fargica argentina con +75 a\u00f1os de historia familiar. Proveedor de Toyota, Ford, Volkswagen y Renault. Calidad, innovaci\u00f3n y compromiso.","og_url":"https:\/\/amic.com.ar\/en\/quienes-somos\/","og_site_name":"AMIC","article_modified_time":"2025-11-14T17:41:00+00:00","og_image":[{"width":1417,"height":945,"url":"https:\/\/amic.com.ar\/wp-content\/uploads\/2025\/11\/img-3generaciones.webp","type":"image\/webp"}],"twitter_card":"summary_large_image","twitter_title":"AMIC | 75 A\u00f1os Fabricando Autopartes en Argentina","twitter_description":"AMIC: PyME metal\u00fargica argentina con +75 a\u00f1os de historia familiar. Proveedor de Toyota, Ford, Volkswagen y Renault. Calidad, innovaci\u00f3n y compromiso.","twitter_misc":{"Est. reading time":"2 minutes"},"schema":{"@context":"https:\/\/schema.org","@graph":[{"@type":"WebPage","@id":"https:\/\/amic.com.ar\/quienes-somos\/","url":"https:\/\/amic.com.ar\/quienes-somos\/","name":"AMIC | 75 A\u00f1os Fabricando Autopartes en Argentina","isPartOf":{"@id":"https:\/\/amic.com.ar\/#website"},"primaryImageOfPage":{"@id":"https:\/\/amic.com.ar\/quienes-somos\/#primaryimage"},"image":{"@id":"https:\/\/amic.com.ar\/quienes-somos\/#primaryimage"},"thumbnailUrl":"https:\/\/amic.com.ar\/wp-content\/uploads\/2025\/11\/img-3generaciones-1024x683.webp","datePublished":"2025-08-29T12:03:38+00:00","dateModified":"2025-11-14T17:41:00+00:00","description":"AMIC: PyME metal\u00fargica argentina con +75 a\u00f1os de historia familiar. Proveedor de Toyota, Ford, Volkswagen y Renault. Calidad, innovaci\u00f3n y compromiso.","breadcrumb":{"@id":"https:\/\/amic.com.ar\/quienes-somos\/#breadcrumb"},"inLanguage":"en-US","potentialAction":[{"@type":"ReadAction","target":["https:\/\/amic.com.ar\/quienes-somos\/"]}]},{"@type":"ImageObject","inLanguage":"en-US","@id":"https:\/\/amic.com.ar\/quienes-somos\/#primaryimage","url":"https:\/\/amic.com.ar\/wp-content\/uploads\/2025\/11\/img-3generaciones-1024x683.webp","contentUrl":"https:\/\/amic.com.ar\/wp-content\/uploads\/2025\/11\/img-3generaciones-1024x683.webp"},{"@type":"BreadcrumbList","@id":"https:\/\/amic.com.ar\/quienes-somos\/#breadcrumb","itemListElement":[{"@type":"ListItem","position":1,"name":"Portada","item":"https:\/\/amic.com.ar\/"},{"@type":"ListItem","position":2,"name":"Quienes somos"}]},{"@type":"WebSite","@id":"https:\/\/amic.com.ar\/#website","url":"https:\/\/amic.com.ar\/","name":"AMIC","description":"M\u00e1s de 75 a\u00f1os impulsando la industria Argentina con tecnolog\u00eda, precisi\u00f3n y visi\u00f3n  de futuro.","publisher":{"@id":"https:\/\/amic.com.ar\/#organization"},"potentialAction":[{"@type":"SearchAction","target":{"@type":"EntryPoint","urlTemplate":"https:\/\/amic.com.ar\/?s={search_term_string}"},"query-input":{"@type":"PropertyValueSpecification","valueRequired":true,"valueName":"search_term_string"}}],"inLanguage":"en-US"},{"@type":"Organization","@id":"https:\/\/amic.com.ar\/#organization","name":"AMIC","url":"https:\/\/amic.com.ar\/","logo":{"@type":"ImageObject","inLanguage":"en-US","@id":"https:\/\/amic.com.ar\/#\/schema\/logo\/image\/","url":"https:\/\/amic.com.ar\/wp-content\/uploads\/2025\/08\/amic-logo-color.svg","contentUrl":"https:\/\/amic.com.ar\/wp-content\/uploads\/2025\/08\/amic-logo-color.svg","width":139,"height":31,"caption":"AMIC"},"image":{"@id":"https:\/\/amic.com.ar\/#\/schema\/logo\/image\/"},"sameAs":["https:\/\/www.linkedin.com\/company\/amicmetal\/"]}]}},"_links":{"self":[{"href":"https:\/\/amic.com.ar\/en\/wp-json\/wp\/v2\/pages\/131","targetHints":{"allow":["GET"]}}],"collection":[{"href":"https:\/\/amic.com.ar\/en\/wp-json\/wp\/v2\/pages"}],"about":[{"href":"https:\/\/amic.com.ar\/en\/wp-json\/wp\/v2\/types\/page"}],"author":[{"embeddable":true,"href":"https:\/\/amic.com.ar\/en\/wp-json\/wp\/v2\/users\/2"}],"replies":[{"embeddable":true,"href":"https:\/\/amic.com.ar\/en\/wp-json\/wp\/v2\/comments?post=131"}],"version-history":[{"count":84,"href":"https:\/\/amic.com.ar\/en\/wp-json\/wp\/v2\/pages\/131\/revisions"}],"predecessor-version":[{"id":1140,"href":"https:\/\/amic.com.ar\/en\/wp-json\/wp\/v2\/pages\/131\/revisions\/1140"}],"wp:attachment":[{"href":"https:\/\/amic.com.ar\/en\/wp-json\/wp\/v2\/media?parent=131"}],"curies":[{"name":"wp","href":"https:\/\/api.w.org\/{rel}","templated":true}]}}